{"id":153,"date":"2016-04-13T17:20:51","date_gmt":"2016-04-13T17:20:51","guid":{"rendered":"http:\/\/pihatyot.com\/?page_id=153"},"modified":"2018-06-24T10:31:22","modified_gmt":"2018-06-24T07:31:22","slug":"esittely","status":"publish","type":"page","link":"https:\/\/pihatyot.com\/","title":{"rendered":"Esittely"},"content":{"rendered":"<p class=\"ecxMsoNormal\"><img decoding=\"async\" loading=\"lazy\" class=\"wp-image-37 alignnone\" src=\"http:\/\/pihatyot.com\/wp-content\/uploads\/2016\/04\/cropped-V__EC2C-1-300x300.jpg\" alt=\"cropped-V__EC2C-1.jpg\" width=\"199\" height=\"199\" srcset=\"https:\/\/pihatyot.com\/wp-content\/uploads\/2016\/04\/cropped-V__EC2C-1-300x300.jpg 300w, https:\/\/pihatyot.com\/wp-content\/uploads\/2016\/04\/cropped-V__EC2C-1-150x150.jpg 150w, https:\/\/pihatyot.com\/wp-content\/uploads\/2016\/04\/cropped-V__EC2C-1-270x270.jpg 270w, https:\/\/pihatyot.com\/wp-content\/uploads\/2016\/04\/cropped-V__EC2C-1-192x192.jpg 192w, https:\/\/pihatyot.com\/wp-content\/uploads\/2016\/04\/cropped-V__EC2C-1-180x180.jpg 180w, https:\/\/pihatyot.com\/wp-content\/uploads\/2016\/04\/cropped-V__EC2C-1-32x32.jpg 32w, https:\/\/pihatyot.com\/wp-content\/uploads\/2016\/04\/cropped-V__EC2C-1.jpg 512w\" sizes=\"(max-width: 199px) 100vw, 199px\" \/><\/p>\n<p class=\"ecxMsoNormal\">Olen ulkot\u00f6iden moniosaaja Turun alueelta. Pihaty\u00f6t ja pihapuiden kaato ovat tulleet tutuiksi jo vuosien varrella erilaisissa viherrakennusprojekteissa. Metsuriksi kouluttauduin vuonna 2015, ja sen my\u00f6t\u00e4 hoituvat ammattimaisesti my\u00f6s mets\u00e4nhoitoty\u00f6t.<\/p>\n<p class=\"ecxMsoNormal\">Toimialueeni on Varsinais-Suomi, mutta suurempia urakoita l\u00e4hden tekem\u00e4\u00e4n kauemmaksikin.<\/p>\n<p class=\"ecxMsoNormal\">Yrityksess\u00e4ni ty\u00f6t suoritetaan ajallaan ja laadukkaasti. Onnistuneen lopputuloksen varmistamiseksi urakoiden yksityiskohdat sovitaan huolellisesti asiakkaan kanssa.<\/p>\n<p class=\"ecxMsoNormal\">Tyytyv\u00e4inen asiakas tarkoittaa tyytyv\u00e4ist\u00e4 tekij\u00e4\u00e4!<\/p>\n<p class=\"ecxMsoNormal\">Yritykseni toimii t\u00e4yden palvelun periaatteella joten asiakkaalla ei tarvitse olla omia ty\u00f6v\u00e4lineit\u00e4.<\/p>\n<p class=\"ecxMsoNormal\"><a href=\"https:\/\/www.tilaajavastuu.fi\/fi\/\" target=\"_blank\" rel=\"noopener\"><img decoding=\"async\" loading=\"lazy\" class=\"alignnone wp-image-205\" src=\"http:\/\/pihatyot.com\/wp-content\/uploads\/https___www.tilaajavastuu.fi_wp-content_uploads_2015_04_LK-300x126.jpg\" alt=\"luotkump_nega_CMYK_v1\" width=\"238\" height=\"100\" srcset=\"https:\/\/pihatyot.com\/wp-content\/uploads\/https___www.tilaajavastuu.fi_wp-content_uploads_2015_04_LK-300x126.jpg 300w, https:\/\/pihatyot.com\/wp-content\/uploads\/https___www.tilaajavastuu.fi_wp-content_uploads_2015_04_LK-1024x430.jpg 1024w\" sizes=\"(max-width: 238px) 100vw, 238px\" \/><\/a><a href=\"http:\/\/www.pefc.fi\/pages\/fi\/etusivu.php\" target=\"_blank\" rel=\"noopener\"><img decoding=\"async\" loading=\"lazy\" class=\"alignnone wp-image-332\" src=\"http:\/\/pihatyot.com\/wp-content\/uploads\/Pefc_vaalea-300x212.jpg\" alt=\"pefc_vaalea\" width=\"222\" height=\"157\" srcset=\"https:\/\/pihatyot.com\/wp-content\/uploads\/Pefc_vaalea-300x212.jpg 300w, https:\/\/pihatyot.com\/wp-content\/uploads\/Pefc_vaalea.jpg 1024w\" sizes=\"(max-width: 222px) 100vw, 222px\" \/><\/a><\/p>\n<p class=\"ecxMsoNormal\"><a href=\"http:\/\/pihatyot.com\/\">ESITTELY<\/a>, \u00a0\u00a0 <a href=\"http:\/\/pihatyot.com\/index.php\/pihatyot-talonmies\">PIHATY\u00d6T \/ TALONMIES<\/a>, \u00a0\u00a0 <a href=\"http:\/\/pihatyot.com\/index.php\/puunkaato\/\">PUUNKAATO<\/a>,\u00a0\u00a0 <a href=\"http:\/\/pihatyot.com\/index.php\/metsuri\/\">METSURI<\/a>,\u00a0\u00a0 <a href=\"http:\/\/pihatyot.com\/index.php\/yhteystiedot\/\">YHTEYSTIEDOT<\/a>, \u00a0 <a href=\"http:\/\/pihatyot.com\/index.php\/hinnoittelu\/\">HINNOITTELU<\/a>, \u00a0\u00a0 <a href=\"http:\/\/pihatyot.com\/index.php\/kotitalousvahennys\/\">KOTITALOUSV\u00c4HENNYS<\/a>,\u00a0\u00a0\u00a0 <a href=\"http:\/\/pihatyot.com\/index.php\/valokuvia\/\">VALOKUVIA<\/a><\/p>\n","protected":false},"excerpt":{"rendered":"<p>Olen ulkot\u00f6iden moniosaaja Turun alueelta. Pihaty\u00f6t ja pihapuiden kaato ovat tulleet tutuiksi jo vuosien varrella erilaisissa viherrakennusprojekteissa. Metsuriksi kouluttauduin vuonna 2015, ja sen my\u00f6t\u00e4 hoituvat ammattimaisesti my\u00f6s mets\u00e4nhoitoty\u00f6t. Toimialueeni on Varsinais-Suomi, mutta suurempia urakoita l\u00e4hden tekem\u00e4\u00e4n kauemmaksikin. Yrityksess\u00e4ni ty\u00f6t suoritetaan ajallaan ja laadukkaasti. Onnistuneen lopputuloksen varmistamiseksi urakoiden yksityiskohdat sovitaan huolellisesti asiakkaan kanssa. Tyytyv\u00e4inen asiakas tarkoittaa &hellip; <a href=\"https:\/\/pihatyot.com\/\" class=\"more-link\">Continue reading <span class=\"screen-reader-text\">Esittely<\/span> <span class=\"meta-nav\">&rarr;<\/span><\/a><\/p>\n","protected":false},"author":1,"featured_media":0,"parent":0,"menu_order":0,"comment_status":"closed","ping_status":"closed","template":"","meta":[],"_links":{"self":[{"href":"https:\/\/pihatyot.com\/index.php\/wp-json\/wp\/v2\/pages\/153"}],"collection":[{"href":"https:\/\/pihatyot.com\/index.php\/wp-json\/wp\/v2\/pages"}],"about":[{"href":"https:\/\/pihatyot.com\/index.php\/wp-json\/wp\/v2\/types\/page"}],"author":[{"embeddable":true,"href":"https:\/\/pihatyot.com\/index.php\/wp-json\/wp\/v2\/users\/1"}],"replies":[{"embeddable":true,"href":"https:\/\/pihatyot.com\/index.php\/wp-json\/wp\/v2\/comments?post=153"}],"version-history":[{"count":31,"href":"https:\/\/pihatyot.com\/index.php\/wp-json\/wp\/v2\/pages\/153\/revisions"}],"predecessor-version":[{"id":362,"href":"https:\/\/pihatyot.com\/index.php\/wp-json\/wp\/v2\/pages\/153\/revisions\/362"}],"wp:attachment":[{"href":"https:\/\/pihatyot.com\/index.php\/wp-json\/wp\/v2\/media?parent=153"}],"curies":[{"name":"wp","href":"https:\/\/api.w.org\/{rel}","templated":true}]}}